{"id":7003,"date":"2026-05-08T15:30:41","date_gmt":"2026-05-08T20:30:41","guid":{"rendered":"https:\/\/reginecafe.ca\/?page_id=7003"},"modified":"2026-05-11T16:00:18","modified_gmt":"2026-05-11T21:00:18","slug":"cartes-cadeaux","status":"publish","type":"page","link":"https:\/\/reginecafe.ca\/fr\/cartes-cadeaux\/","title":{"rendered":"Cartes cadeaux"},"content":{"rendered":"\t<div id=\"gap-1108749316\" class=\"gap-element clearfix\" style=\"display:block; height:auto;\">\n\t\t\n<style>\n#gap-1108749316 {\n  padding-top: 30px;\n}\n<\/style>\n\t<\/div>\n\t\n<div class=\"container section-title-container\" ><h1 class=\"section-title section-title-center\"><b aria-hidden=\"true\"><\/b><span class=\"section-title-main\" >Cartes cadeaux<\/span><b aria-hidden=\"true\"><\/b><\/h1><\/div>\n<div class=\"row\"  id=\"row-561554637\">\n\n\t<div id=\"col-1991661044\" class=\"col small-12 large-12\"  >\n\t\t\t\t<div class=\"col-inner\"  >\n\t\t\t\n\t\t\t\n<p>Merci d\u2019offrir une exp\u00e9rience R\u00e9gine Caf\u00e9, un instant pr\u00e9cieux, entre douceur, raffinement et plaisirs partag\u00e9s.<\/p>\n<h2>Chez R\u00e9gine<\/h2>\n<p>Nos cartes cadeaux sont disponibles en tout temps, au montant de votre choix, et pr\u00e9sent\u00e9es dans une \u00e9l\u00e9gante enveloppe.<\/p>\n<h2>En ligne, en direct<\/h2>\n<p>Pour une attention de derni\u00e8re minute ou \u00e0 distance, nos cartes cadeaux num\u00e9riques sont disponibles en direct en quelques clics.<br \/>\n<a href=\"https:\/\/www.freebeespay.com\/fr\/PointSale\/Purchase\/5324\" target=\"_blank\" rel=\"noopener\">Cliquez ici pour \u00eatre redirig\u00e9 vers notre partenaire Freebees<\/a> et offrir instantan\u00e9ment un moment \u00e0 savourer.<\/p>\n\t\t<\/div>\n\t\t\t\t\t<\/div>\n\n\t\n<\/div>\n","protected":false},"excerpt":{"rendered":"","protected":false},"author":86,"featured_media":0,"parent":0,"menu_order":0,"comment_status":"closed","ping_status":"closed","template":"","meta":{"footnotes":""},"class_list":["post-7003","page","type-page","status-publish","hentry"],"_links":{"self":[{"href":"https:\/\/reginecafe.ca\/fr\/wp-json\/wp\/v2\/pages\/7003","targetHints":{"allow":["GET"]}}],"collection":[{"href":"https:\/\/reginecafe.ca\/fr\/wp-json\/wp\/v2\/pages"}],"about":[{"href":"https:\/\/reginecafe.ca\/fr\/wp-json\/wp\/v2\/types\/page"}],"author":[{"embeddable":true,"href":"https:\/\/reginecafe.ca\/fr\/wp-json\/wp\/v2\/users\/86"}],"replies":[{"embeddable":true,"href":"https:\/\/reginecafe.ca\/fr\/wp-json\/wp\/v2\/comments?post=7003"}],"version-history":[{"count":0,"href":"https:\/\/reginecafe.ca\/fr\/wp-json\/wp\/v2\/pages\/7003\/revisions"}],"wp:attachment":[{"href":"https:\/\/reginecafe.ca\/fr\/wp-json\/wp\/v2\/media?parent=7003"}],"curies":[{"name":"wp","href":"https:\/\/api.w.org\/{rel}","templated":true}]}}