{"id":5156,"date":"2021-11-05T08:51:31","date_gmt":"2021-11-05T13:51:31","guid":{"rendered":"https:\/\/reginecafe.wpengine.com\/?page_id=5156"},"modified":"2024-01-18T06:56:28","modified_gmt":"2024-01-18T11:56:28","slug":"accueil","status":"publish","type":"page","link":"https:\/\/reginecafe.ca\/fr\/","title":{"rendered":"Accueil"},"content":{"rendered":"\n  <div class=\"banner has-hover\" id=\"banner-1002948759\">\n          <div class=\"banner-inner fill\">\n        <div class=\"banner-bg fill\" >\n            <img decoding=\"async\" width=\"1020\" height=\"382\" src=\"https:\/\/reginecafe.ca\/wp-content\/uploads\/2021\/11\/bannie\u0300re-salla-a-manger-1400x524.jpg\" class=\"bg attachment-large size-large\" alt=\"Regine Cafe\" \/>                        <div class=\"overlay\"><\/div>            \n                    <\/div>\n\t\t\n        <div class=\"banner-layers container\">\n            <div class=\"fill banner-link\"><\/div>            \n   <div id=\"text-box-2042220602\" class=\"text-box banner-layer x100 md-x100 lg-x100 y50 md-y50 lg-y50 res-text\">\n                                <div class=\"text-box-content text box-shadow-3\">\n              \n              <div class=\"text-inner text-center\">\n                  \n<h2 class=\"alt-font\">D\u00e9licieuse R\u00e9gine<\/h2>\n<p>R\u00e9gine, c\u2019est la tante parfaite que l\u2019on a imagin\u00e9e. Chaleureuse et g\u00e9n\u00e9reuse, elle vous accueille \u00e0 bras ouverts et vous traite aux petits oignons et vous r\u00e9conforte.<\/p>\n<a href=\"\/fr\/menu\/\" target=\"_blank\" class=\"button #dc3287\" rel=\"noopener\" >\n\t\t<span>Notre menu<\/span>\n\t<i class=\"icon-angle-right\" aria-hidden=\"true\"><\/i><\/a>\n\n              <\/div>\n           <\/div>\n                            \n<style>\n#text-box-2042220602 .text-box-content {\n  background-color: rgba(255, 255, 255, 0.86);\n  font-size: 100%;\n}\n#text-box-2042220602 .text-inner {\n  padding: 30px 30px 30px 30px;\n}\n#text-box-2042220602 {\n  width: 60%;\n}\n@media (min-width:550px) {\n  #text-box-2042220602 {\n    width: 33%;\n  }\n}\n<\/style>\n    <\/div>\n \n        <\/div>\n      <\/div>\n\n            \n<style>\n#banner-1002948759 {\n  padding-top: 500px;\n}\n#banner-1002948759 .overlay {\n  background-color: rgba(0, 0, 0, 0.2);\n}\n<\/style>\n  <\/div>\n\n\n\n\t<section class=\"section\" id=\"section_535845953\">\n\t\t<div class=\"section-bg fill\" >\n\t\t\t<img decoding=\"async\" width=\"657\" height=\"731\" src=\"https:\/\/reginecafe.ca\/wp-content\/uploads\/2021\/11\/Un-peu-de-tout-2021-2.jpg\" class=\"bg attachment- size-\" alt=\"\" \/>\t\t\t\t\t\t<div class=\"section-bg-overlay absolute fill\"><\/div>\n\t\t\t\n\n\t\t<\/div>\n\n\t\t\n\n\t\t<div class=\"section-content relative\">\n\t\t\t\n<div class=\"row row-large align-middle\"  id=\"row-762616838\">\n\n\t<div id=\"col-579108279\" class=\"col medium-6 small-12 large-6\"  >\n\t\t\t\t<div class=\"col-inner\"  >\n\t\t\t\n\t\t\t\n\t<div class=\"img has-hover x md-x lg-x y md-y lg-y\" id=\"image_1613503505\">\n\t\t\t\t\t\t\t\t<div class=\"img-inner image-zoom dark\" >\n\t\t\t<img decoding=\"async\" width=\"744\" height=\"634\" src=\"https:\/\/reginecafe.ca\/wp-content\/uploads\/2021\/11\/Un-peu-de-tout-2021-1.jpg\" class=\"attachment-large size-large\" alt=\"\" srcset=\"https:\/\/reginecafe.ca\/wp-content\/uploads\/2021\/11\/Un-peu-de-tout-2021-1.jpg 744w, https:\/\/reginecafe.ca\/wp-content\/uploads\/2021\/11\/Un-peu-de-tout-2021-1-469x400.jpg 469w, https:\/\/reginecafe.ca\/wp-content\/uploads\/2021\/11\/Un-peu-de-tout-2021-1-510x435.jpg 510w\" sizes=\"(max-width: 744px) 100vw, 744px\" \/>\t\t\t\t\t\t\n\t\t\t\t\t<\/div>\n\t\t\t\t\t\t\t\t\n<style>\n#image_1613503505 {\n  width: 100%;\n}\n<\/style>\n\t<\/div>\n\t\n\t\t<\/div>\n\t\t\t\t\t<\/div>\n\n\t\n\n\t<div id=\"col-2103089101\" class=\"col medium-6 small-12 large-6\"  >\n\t\t\t\t<div class=\"col-inner text-left\"  >\n\t\t\t\n\t\t\t\n<h2 class=\"uppercase\">confort et magie<\/h2>\n<p>Dans son d\u00e9cor color\u00e9 de salon de th\u00e9 anglais, R\u00e9gine met tout en \u0153uvre pour vous enchanter. Nos plats maison invitent \u00e0 la gourmandise et au partage. Laissez-vous transporter dans une ambiance \u00e0 la fois anim\u00e9e et magique.<\/p>\n\t\t<\/div>\n\t\t\t\t\t<\/div>\n\n\t\n<\/div>\n\t\t<\/div>\n\n\t\t\n<style>\n#section_535845953 {\n  padding-top: 60px;\n  padding-bottom: 60px;\n  background-color: rgb(193, 193, 193);\n}\n#section_535845953 .section-bg-overlay {\n  background-color: rgba(255, 255, 255, 0.85);\n}\n<\/style>\n\t<\/section>\n\t\n","protected":false},"excerpt":{"rendered":"","protected":false},"author":66,"featured_media":0,"parent":0,"menu_order":0,"comment_status":"closed","ping_status":"closed","template":"page-blank.php","meta":{"footnotes":""},"class_list":["post-5156","page","type-page","status-publish","hentry"],"_links":{"self":[{"href":"https:\/\/reginecafe.ca\/fr\/wp-json\/wp\/v2\/pages\/5156","targetHints":{"allow":["GET"]}}],"collection":[{"href":"https:\/\/reginecafe.ca\/fr\/wp-json\/wp\/v2\/pages"}],"about":[{"href":"https:\/\/reginecafe.ca\/fr\/wp-json\/wp\/v2\/types\/page"}],"author":[{"embeddable":true,"href":"https:\/\/reginecafe.ca\/fr\/wp-json\/wp\/v2\/users\/66"}],"replies":[{"embeddable":true,"href":"https:\/\/reginecafe.ca\/fr\/wp-json\/wp\/v2\/comments?post=5156"}],"version-history":[{"count":0,"href":"https:\/\/reginecafe.ca\/fr\/wp-json\/wp\/v2\/pages\/5156\/revisions"}],"wp:attachment":[{"href":"https:\/\/reginecafe.ca\/fr\/wp-json\/wp\/v2\/media?parent=5156"}],"curies":[{"name":"wp","href":"https:\/\/api.w.org\/{rel}","templated":true}]}}