{"id":1595,"date":"2014-03-28T20:34:43","date_gmt":"2014-03-29T01:34:43","guid":{"rendered":"https:\/\/reginecafe.wpengine.com\/?page_id=1595"},"modified":"2026-04-10T09:30:15","modified_gmt":"2026-04-10T14:30:15","slug":"reservations","status":"publish","type":"page","link":"https:\/\/reginecafe.ca\/fr\/reservations\/","title":{"rendered":"R\u00e9servations"},"content":{"rendered":"<div class=\"container section-title-container\" ><h1 class=\"section-title section-title-center\"><b aria-hidden=\"true\"><\/b><span class=\"section-title-main\" style=\"color:rgb(168, 165, 165);\">Politique de r\u00e9servations<\/span><b aria-hidden=\"true\"><\/b><\/h1><\/div>\n<div class=\"row\"  id=\"row-1329834671\">\n<p style=\"text-align: left;\">\n\t<div id=\"col-1767029113\" class=\"col small-12 large-12\"  >\n\t\t\t\t<div class=\"col-inner\"  >\n\t\t\t\n\t\t\t\n<p><span style=\"color: #ff00ff;\"><strong>R\u00c9SERVATIONS<\/strong><\/span><\/p>\n<ul>\n<li style=\"list-style-type: none;\">\n<ul>\n<li>En semaine, nous acceptons quelques r\u00e9servations, tout en gardant une partie de nos tables pour accueillir les visiteurs spontan\u00e9s (walk ins).<\/li>\n<li>Les weekends et jours f\u00e9ri\u00e9s, nous vous accueillons sans r\u00e9servation, dans l\u2019ordre d\u2019arriv\u00e9e.<\/li>\n<li>Veuillez noter que nous n\u2019acceptons pas de r\u00e9servations le jour m\u00eame \u2014 il est toutefois toujours possible de vous pr\u00e9senter directement.<\/li>\n<\/ul>\n<\/li>\n<\/ul>\n<ul>\n<li style=\"list-style-type: none;\"><\/li>\n<\/ul>\n<p><strong><span style=\"color: #ff00ff;\">POLITIQUE DE GROUPES<\/span><\/strong><\/p>\n<ul>\n<li style=\"list-style-type: none;\">\n<ul>\n<li>Afin de pr\u00e9server une exp\u00e9rience agr\u00e9able pour tous, nous accueillons des groupes d\u2019un maximum de 6 personnes.<\/li>\n<li><strong>Veuillez nous contacter pour les tables de 6 personnes.<\/strong><\/li>\n<li>Veuillez noter que nous n&rsquo;accueillons pas de groupes ou d&rsquo;\u00e9v\u00e9nements priv\u00e9s.<\/li>\n<\/ul>\n<\/li>\n<li style=\"list-style-type: none;\"><\/li>\n<\/ul>\n\t\t<\/div>\n\t\t\t\t\t<\/div>\n\n\t\n<\/div>\n<p><iframe style=\"width: 100%; height: 900px;\" src=\"https:\/\/widgets.libroreserve.com\/WEB\/QC015541332875\/book\"><\/iframe><\/p>\n","protected":false},"excerpt":{"rendered":"","protected":false},"author":66,"featured_media":0,"parent":0,"menu_order":0,"comment_status":"closed","ping_status":"closed","template":"","meta":{"footnotes":""},"class_list":["post-1595","page","type-page","status-publish","hentry"],"_links":{"self":[{"href":"https:\/\/reginecafe.ca\/fr\/wp-json\/wp\/v2\/pages\/1595","targetHints":{"allow":["GET"]}}],"collection":[{"href":"https:\/\/reginecafe.ca\/fr\/wp-json\/wp\/v2\/pages"}],"about":[{"href":"https:\/\/reginecafe.ca\/fr\/wp-json\/wp\/v2\/types\/page"}],"author":[{"embeddable":true,"href":"https:\/\/reginecafe.ca\/fr\/wp-json\/wp\/v2\/users\/66"}],"replies":[{"embeddable":true,"href":"https:\/\/reginecafe.ca\/fr\/wp-json\/wp\/v2\/comments?post=1595"}],"version-history":[{"count":0,"href":"https:\/\/reginecafe.ca\/fr\/wp-json\/wp\/v2\/pages\/1595\/revisions"}],"wp:attachment":[{"href":"https:\/\/reginecafe.ca\/fr\/wp-json\/wp\/v2\/media?parent=1595"}],"curies":[{"name":"wp","href":"https:\/\/api.w.org\/{rel}","templated":true}]}}