{"id":1586,"date":"2014-03-28T20:21:55","date_gmt":"2014-03-28T20:21:55","guid":{"rendered":"https:\/\/reginecafe.wpengine.com\/?page_id=1586"},"modified":"2014-05-13T21:56:24","modified_gmt":"2014-05-13T21:56:24","slug":"faq","status":"publish","type":"page","link":"https:\/\/reginecafe.ca\/fr\/faq\/","title":{"rendered":"Foire aux questions"},"content":{"rendered":"[cro_accordionstart]\n[cro_accordionitem title=\u00a0\u00bbQui est R\u00e9gine?\u00a0\u00bb item=\u00a0\u00bbactive\u00a0\u00bb ]R\u00e9gine est la \u00ab\u00a0matante\u00a0\u00bb parfaite imagin\u00e9e par les propri\u00e9taires du restaurant. D\u00e9sirant offrir une exp\u00e9rience chaleureuse, g\u00e9n\u00e9reuse et personnalis\u00e9e, quoi de mieux pour s&rsquo;inspirer qu&rsquo;une bonne tante ch\u00e9rie qui g\u00e2te ses invit\u00e9s? R\u00e9gine, la tante qui vous veut du bien.[\/cro_accordionitem]\n[cro_accordionitem title=\u00a0\u00bbQuelles sont les heures d&rsquo;ouverture?\u00a0\u00bb item=\u00a0\u00bb\u00a0\u00bb ]Lundi au vendredi de 8h \u00e0 15h, r\u00e9servations recommand\u00e9es, par t\u00e9l\u00e9phone seulement.<br \/>\nWeekend et jours f\u00e9ri\u00e9s de 9h \u00e0 15h, sans r\u00e9servation.<br \/>\n<i>Nous ne pouvons malheureusement pas accepter de groupe de plus de 8 personnes le weekend et les jours f\u00e9ri\u00e9s.<\/i>[\/cro_accordionitem]\n[cro_accordionitem title=\u00a0\u00bbAllons-nous devoir quitter rapidement apr\u00e8s le repas?\u00a0\u00bb item=\u00a0\u00bb\u00a0\u00bb ]D\u00fb au fort achalandage, nous allouons un maximum de 2h30 pour d\u00e9guster votre repas les weekends. Si l&rsquo;achalandage est moindre, il nous fera plaisir de vous laisser profiter du confort de R\u00e9gine Caf\u00e9 plus longtemps.[\/cro_accordionitem]\n[cro_accordionitem title=\u00a0\u00bbEst-il n\u00e9cessaire de r\u00e9server?\u00a0\u00bb item=\u00a0\u00bb\u00a0\u00bb ]Le weekend et les jours f\u00e9ri\u00e9s, il ne nous est pas possible de prendre de r\u00e9servations d\u00fb au volume d&rsquo;achalandage.<br \/>\nDE PLUS, VEUILLEZ PRENDRE NOTE QUE NOUS NE POUVONS PAS RECEVOIR DE GROUPE DE PLUS DE 8 PERSONNES LES WEEKENDS.[\/cro_accordionitem]\n[cro_accordionitem title=\u00a0\u00bbY a-t-il du stationnement?\u00a0\u00bb item=\u00a0\u00bb\u00a0\u00bb ]Il y a du stationnement aux alentours du R\u00e9gine Caf\u00e9 sur les rues Beaubien, Cartier, Papineau. A noter que notre secteur ne compte pas de parcom\u00e8tre\u2026 un plus![\/cro_accordionitem]\n[cro_accordionitem title=\u00a0\u00bbAvez-vous une chaise de b\u00e9b\u00e9?\u00a0\u00bb item=\u00a0\u00bb\u00a0\u00bb ]Bien s\u00fbr, nous avons quelques chaises pour les tout-petits! Les enfants mettent de la vie, ils sont les bienvenus. De plus, nous disposons d&rsquo;une table \u00e0 langer et d&rsquo;un micro-ondes pour chauffer les pur\u00e9es des petits.[\/cro_accordionitem]\n[cro_accordionitem title=\u00a0\u00bbAccueillez-vous des groupes de soir?\u00a0\u00bb item=\u00a0\u00bb\u00a0\u00bb ]Malheureusement pas. Nous pr\u00e9f\u00e9rons concentrer nos \u00e9nergies pour offrir une exp\u00e9rience optimale pour les brunchs.[\/cro_accordionitem]\n[cro_accordionitem title=\u00a0\u00bbPouvons-nous apporter notre propre g\u00e2teau de f\u00eate?\u00a0\u00bb item=\u00a0\u00bb\u00a0\u00bb ]Oui, nous facturons toutefois un frais de 1.50$ par personne pour le servir.[\/cro_accordionitem]\n[cro_accordionitem title=\u00a0\u00bbAvez-vous des g\u00e2teaux de f\u00eate?\u00a0\u00bb item=\u00a0\u00bb\u00a0\u00bb ]Oh que oui!!! Nous sommes des gourmands et fous de la p\u00e2tisserie. Pr\u00e9voyez un d\u00e9lai d\u2019au moins 48 heures svp pour la commande. \u00c0 partir de 40$ par g\u00e2teau.[\/cro_accordionitem]\n[cro_accordionend]\n","protected":false},"excerpt":{"rendered":"[cro_accordionstart] [cro_accordionitem title=\u00a0\u00bbQui est R\u00e9gine?\u00a0\u00bb item=\u00a0\u00bbactive\u00a0\u00bb ]R\u00e9gine est la \u00ab\u00a0matante\u00a0\u00bb parfaite imagin\u00e9e par les propri\u00e9taires du restaurant. D\u00e9sirant offrir une exp\u00e9rience chaleureuse, g\u00e9n\u00e9reuse et personnalis\u00e9e, quoi de mieux pour s&rsquo;inspirer qu&rsquo;une bonne tante ch\u00e9rie qui g\u00e2te ses invit\u00e9s? R\u00e9gine, la tante qui vous veut du bien.[\/cro_accordionitem] [cro_accordionitem title=\u00a0\u00bbQuelles sont les heures d&rsquo;ouverture?\u00a0\u00bb item=\u00a0\u00bb\u00a0\u00bb ]Lundi au [&#8230;]\n","protected":false},"author":66,"featured_media":0,"parent":0,"menu_order":0,"comment_status":"closed","ping_status":"closed","template":"","meta":{"footnotes":""},"class_list":["post-1586","page","type-page","status-publish","hentry"],"_links":{"self":[{"href":"https:\/\/reginecafe.ca\/fr\/wp-json\/wp\/v2\/pages\/1586","targetHints":{"allow":["GET"]}}],"collection":[{"href":"https:\/\/reginecafe.ca\/fr\/wp-json\/wp\/v2\/pages"}],"about":[{"href":"https:\/\/reginecafe.ca\/fr\/wp-json\/wp\/v2\/types\/page"}],"author":[{"embeddable":true,"href":"https:\/\/reginecafe.ca\/fr\/wp-json\/wp\/v2\/users\/66"}],"replies":[{"embeddable":true,"href":"https:\/\/reginecafe.ca\/fr\/wp-json\/wp\/v2\/comments?post=1586"}],"version-history":[{"count":0,"href":"https:\/\/reginecafe.ca\/fr\/wp-json\/wp\/v2\/pages\/1586\/revisions"}],"wp:attachment":[{"href":"https:\/\/reginecafe.ca\/fr\/wp-json\/wp\/v2\/media?parent=1586"}],"curies":[{"name":"wp","href":"https:\/\/api.w.org\/{rel}","templated":true}]}}